{"id":10,"date":"2021-04-29T16:34:31","date_gmt":"2021-04-29T16:34:31","guid":{"rendered":"https:\/\/www.jidelnaustrejcu.online\/?page_id=10"},"modified":"2025-09-01T07:20:43","modified_gmt":"2025-09-01T06:20:43","slug":"kontakt","status":"publish","type":"page","link":"https:\/\/www.jidelnaustrejcu.cz\/index.php\/kontakt\/","title":{"rendered":"KONTAKT"},"content":{"rendered":"\n<p class=\"has-medium-font-size\"><strong>J\u00eddelna U Strejc\u016f<\/strong><\/p>\n\n\n\n<p>N\u00e1m. Gener\u00e1la P\u00edky 11, 326 00 Plze\u0148<\/p>\n\n\n\n<p>Tel. 377&nbsp;464 537, 733 121 153, E-mail: <a href=\"mailto:info@jidelnaustrejcu.cz\">info@jidelnaustrejcu.cz<\/a>, <a href=\"http:\/\/www.jidelnaustrejcu.cz\/\">www.jidelnaustrejcu.cz<\/a><\/p>\n\n\n\n<p><strong>Otev\u00edrac\u00ed<\/strong> <strong>doba:<\/strong> <strong>PO \u2013 P\u00c1:<\/strong> 09:00 \u2013 16:00 hod., <strong>SO:<\/strong> 10:00 &#8211; 15:00 hod., <strong>NE:<\/strong> zav\u0159eno<\/p>\n\n\n<style type=\"text\/css\">\n#foogallery-gallery-31.fg-masonry .fg-item { width: 1000px; }\n#foogallery-gallery-31.fg-masonry { --fg-gutter: 10px; }<\/style>\n\t\t\t<div class=\"foogallery foogallery-container foogallery-masonry foogallery-lightbox-foobox fg-masonry fg-ready fg-light fg-round-small fg-shadow-medium fg-loading-default fg-loaded-fade-in fg-hover-scale fg-hover-fade fg-light-overlays fg-fixed\" id=\"foogallery-gallery-31\" data-foogallery=\"{&quot;item&quot;:{&quot;showCaptionTitle&quot;:true,&quot;showCaptionDescription&quot;:true},&quot;lazy&quot;:true,&quot;template&quot;:{&quot;columnWidth&quot;:1000,&quot;gutter&quot;:10}}\" style=\"--fg-title-line-clamp: 0; --fg-description-line-clamp: 0;\" >\n\t\t<div class=\"fg-item fg-type-iframe fg-idle\"><figure class=\"fg-item-inner\"><a href=\"https:\/\/www.google.cz\/maps\/place\/J%C3%ADdelna+U+Strejc%C5%AF\/@49.733351,13.3982817,19.44z\/data=!4m5!3m4!1s0x470aee27db7fed83:0x3772eb96f7588a0f!8m2!3d49.7334914!4d13.3986794?hl=cs\" target=\"_blank\" data-caption-title=\"mapa jidelna\" data-attachment-id=\"32\" data-type=\"iframe\" class=\"fg-thumb\"><span class=\"fg-image-wrap\"><img fetchpriority=\"high\" decoding=\"async\" width=\"1000\" height=\"364\" class=\"skip-lazy fg-image\" data-src-fg=\"https:\/\/www.jidelnaustrejcu.cz\/wp-content\/uploads\/cache\/2021\/04\/mapa-jidelna\/2619017976.png\" src=\"data:image\/svg+xml,%3Csvg%20xmlns%3D%22http%3A%2F%2Fwww.w3.org%2F2000%2Fsvg%22%20width%3D%221000%22%20height%3D%22364%22%20viewBox%3D%220%200%201000%20364%22%3E%3C%2Fsvg%3E\" loading=\"eager\"><\/span><span class=\"fg-image-overlay\"><\/span><\/a><figcaption class=\"fg-caption\"><div class=\"fg-caption-inner\"><div class=\"fg-caption-title\">mapa jidelna<\/div><\/div><\/figcaption><\/figure><div class=\"fg-loader\"><\/div><\/div><\/div>\n\n\n<hr class=\"wp-block-separator has-css-opacity is-style-dots\"\/>\n\n\n\n<div style=\"height:33px\" aria-hidden=\"true\" class=\"wp-block-spacer\"><\/div>\n\n\n\n<p>Provozujeme tak\u00e9:<\/p>\n\n\n\n<p class=\"has-medium-font-size\"><strong>Lah\u016fdky a cukr\u00e1rna Beru\u0161ka<\/strong><\/p>\n\n\n\n<p id=\"block-46c08f73-82dc-4edf-a806-f835802c85c8\">N\u00e1m. Gener\u00e1la P\u00edky 9, 326 00 Plze\u0148<\/p>\n\n\n\n<p>Tel. 377 240 767, 733 121 152, E-mail: <a href=\"mailto:info@cafeberuska.cz\">info@cafeberuska.cz<\/a><\/p>\n\n\n\n<p><strong>Otev\u00edrac\u00ed<\/strong> <strong>doba:<\/strong> <strong>PO \u2013 P\u00c1:<\/strong> 07:00 \u2013 18:00 hod., <strong>SO:<\/strong> 07:00 \u2013 16:00 hod., <strong>NE:<\/strong> zav\u0159eno<\/p>\n\n\n<style type=\"text\/css\">\n#foogallery-gallery-38.fg-masonry .fg-item { width: 1000px; }\n#foogallery-gallery-38.fg-masonry { --fg-gutter: 10px; }<\/style>\n\t\t\t<div class=\"foogallery foogallery-container foogallery-masonry foogallery-lightbox-foobox fg-center fg-masonry fg-ready fg-light fg-round-small fg-shadow-medium fg-loading-default fg-loaded-fade-in fg-hover-scale fg-hover-fade fg-light-overlays fg-fixed\" id=\"foogallery-gallery-38\" data-foogallery=\"{&quot;item&quot;:{&quot;showCaptionTitle&quot;:true,&quot;showCaptionDescription&quot;:true},&quot;lazy&quot;:true,&quot;template&quot;:{&quot;columnWidth&quot;:1000,&quot;gutter&quot;:10}}\" style=\"--fg-title-line-clamp: 0; --fg-description-line-clamp: 0;\" >\n\t\t<div class=\"fg-item fg-type-iframe fg-idle\"><figure class=\"fg-item-inner\"><a href=\"https:\/\/www.google.cz\/maps\/place\/Lah%C5%AFdky+a+cukr%C3%A1rna+Beru%C5%A1ka\/@49.7341701,13.3960203,17z\/data=!3m1!4b1!4m5!3m4!1s0x470aee27c263356f:0xf710dcc4387a3f8e!8m2!3d49.7341701!4d13.3982143?hl=cs\" data-caption-title=\"mapa lahudky\" data-attachment-id=\"39\" data-type=\"iframe\" class=\"fg-thumb\"><span class=\"fg-image-wrap\"><img decoding=\"async\" width=\"1000\" height=\"364\" class=\"skip-lazy fg-image\" data-src-fg=\"https:\/\/www.jidelnaustrejcu.cz\/wp-content\/uploads\/cache\/2021\/04\/mapa-lahudky\/2247080490.png\" src=\"data:image\/svg+xml,%3Csvg%20xmlns%3D%22http%3A%2F%2Fwww.w3.org%2F2000%2Fsvg%22%20width%3D%221000%22%20height%3D%22364%22%20viewBox%3D%220%200%201000%20364%22%3E%3C%2Fsvg%3E\" loading=\"eager\"><\/span><span class=\"fg-image-overlay\"><\/span><\/a><figcaption class=\"fg-caption\"><div class=\"fg-caption-inner\"><div class=\"fg-caption-title\">mapa lahudky<\/div><\/div><\/figcaption><\/figure><div class=\"fg-loader\"><\/div><\/div><\/div>\n\n\n<hr class=\"wp-block-separator has-css-opacity is-style-dots\"\/>\n\n\n\n<div style=\"height:23px\" aria-hidden=\"true\" class=\"wp-block-spacer\"><\/div>\n\n\n\n<div class=\"wp-block-contact-form-7-contact-form-selector\">\n<div class=\"wpcf7 no-js\" id=\"wpcf7-f178-o1\" lang=\"cs-CZ\" dir=\"ltr\" data-wpcf7-id=\"178\">\n<div class=\"screen-reader-response\"><p role=\"status\" aria-live=\"polite\" aria-atomic=\"true\"><\/p> <ul><\/ul><\/div>\n<form action=\"\/index.php\/wp-json\/wp\/v2\/pages\/10#wpcf7-f178-o1\" method=\"post\" class=\"wpcf7-form init\" aria-label=\"Kontaktn\u00ed formul\u00e1\u0159\" novalidate=\"novalidate\" data-status=\"init\">\n<fieldset class=\"hidden-fields-container\"><input type=\"hidden\" name=\"_wpcf7\" value=\"178\" \/><input type=\"hidden\" name=\"_wpcf7_version\" value=\"6.1.5\" \/><input type=\"hidden\" name=\"_wpcf7_locale\" value=\"cs_CZ\" \/><input type=\"hidden\" name=\"_wpcf7_unit_tag\" value=\"wpcf7-f178-o1\" \/><input type=\"hidden\" name=\"_wpcf7_container_post\" value=\"0\" \/><input type=\"hidden\" name=\"_wpcf7_posted_data_hash\" value=\"\" \/>\n<\/fieldset>\n<p>KONTAKTN\u00cd FORMUL\u00c1\u0158\n<\/p>\n<p><label> Va\u0161e jm\u00e9no:<br \/>\n<span class=\"wpcf7-form-control-wrap\" data-name=\"your-name\"><input size=\"40\" maxlength=\"400\" class=\"wpcf7-form-control wpcf7-text wpcf7-validates-as-required\" aria-required=\"true\" aria-invalid=\"false\" value=\"\" type=\"text\" name=\"your-name\" \/><\/span> <\/label>\n<\/p>\n<p><label> V\u00e1\u0161 e-mail:<br \/>\n<span class=\"wpcf7-form-control-wrap\" data-name=\"your-email\"><input size=\"40\" maxlength=\"400\" class=\"wpcf7-form-control wpcf7-email wpcf7-validates-as-required wpcf7-text wpcf7-validates-as-email\" aria-required=\"true\" aria-invalid=\"false\" value=\"\" type=\"email\" name=\"your-email\" \/><\/span> <\/label>\n<\/p>\n<p><label> V\u00e1\u0161 telefon:<br \/>\n<span class=\"wpcf7-form-control-wrap\" data-name=\"your-tel\"><input size=\"40\" maxlength=\"400\" class=\"wpcf7-form-control wpcf7-tel wpcf7-validates-as-required wpcf7-text wpcf7-validates-as-tel\" aria-required=\"true\" aria-invalid=\"false\" value=\"\" type=\"tel\" name=\"your-tel\" \/><\/span> <\/label>\n<\/p>\n<p><label> P\u0159edm\u011bt:<br \/>\n<span class=\"wpcf7-form-control-wrap\" data-name=\"your-subject\"><input size=\"40\" maxlength=\"400\" class=\"wpcf7-form-control wpcf7-text\" aria-invalid=\"false\" value=\"\" type=\"text\" name=\"your-subject\" \/><\/span> <\/label>\n<\/p>\n<p><label> Va\u0161e zpr\u00e1va:<br \/>\n<span class=\"wpcf7-form-control-wrap\" data-name=\"your-message\"><textarea cols=\"40\" rows=\"10\" maxlength=\"2000\" class=\"wpcf7-form-control wpcf7-textarea wpcf7-validates-as-required\" aria-required=\"true\" aria-invalid=\"false\" name=\"your-message\"><\/textarea><\/span> <\/label>\n<\/p>\n<p><span class=\"wpcf7-form-control-wrap\" data-name=\"acceptance-307\"><span class=\"wpcf7-form-control wpcf7-acceptance\"><span class=\"wpcf7-list-item\"><input type=\"checkbox\" name=\"acceptance-307\" value=\"1\" aria-invalid=\"false\" \/><\/span><\/span><\/span> Souhlas se zpracov\u00e1n\u00edm osobn\u00edch \u00fadaj\u016f\n<\/p>\n<p><input class=\"wpcf7-form-control wpcf7-submit has-spinner\" type=\"submit\" value=\"Odeslat\" \/>\n<\/p><input\n                    class=\"apbct_special_field apbct_email_id__wp_contact_form_7\"\n                    name=\"apbct__email_id__wp_contact_form_7\"\n                    aria-label=\"apbct__label_id__wp_contact_form_7\"\n                    type=\"text\" size=\"30\" maxlength=\"200\" autocomplete=\"off\"\n                    value=\"\"\n                \/><div class=\"wpcf7-response-output\" aria-hidden=\"true\"><\/div>\n<\/form>\n<\/div>\n<\/div>\n","protected":false},"excerpt":{"rendered":"<p>J\u00eddelna U Strejc\u016f N\u00e1m. Gener\u00e1la P\u00edky 11, 326 00 Plze\u0148 Tel. 377&nbsp;464 537, 733 121 153, E-mail: info@jidelnaustrejcu.cz, www.jidelnaustrejcu.cz Otev\u00edrac\u00ed doba: PO \u2013 P\u00c1: 09:00 \u2013 16:00 hod., SO: 10:00 &#8211; 15:00 hod., NE: zav\u0159eno Provozujeme tak\u00e9: Lah\u016fdky a cukr\u00e1rna Beru\u0161ka N\u00e1m. Gener\u00e1la P\u00edky 9, 326 00 Plze\u0148 Tel. 377 240 767, 733 121 152, [&hellip;]<\/p>\n","protected":false},"author":1,"featured_media":0,"parent":0,"menu_order":0,"comment_status":"closed","ping_status":"closed","template":"","meta":{"_monsterinsights_skip_tracking":false,"_monsterinsights_sitenote_active":false,"_monsterinsights_sitenote_note":"","_monsterinsights_sitenote_category":0,"footnotes":""},"class_list":["post-10","page","type-page","status-publish","hentry"],"aioseo_notices":[],"_links":{"self":[{"href":"https:\/\/www.jidelnaustrejcu.cz\/index.php\/wp-json\/wp\/v2\/pages\/10","targetHints":{"allow":["GET"]}}],"collection":[{"href":"https:\/\/www.jidelnaustrejcu.cz\/index.php\/wp-json\/wp\/v2\/pages"}],"about":[{"href":"https:\/\/www.jidelnaustrejcu.cz\/index.php\/wp-json\/wp\/v2\/types\/page"}],"author":[{"embeddable":true,"href":"https:\/\/www.jidelnaustrejcu.cz\/index.php\/wp-json\/wp\/v2\/users\/1"}],"replies":[{"embeddable":true,"href":"https:\/\/www.jidelnaustrejcu.cz\/index.php\/wp-json\/wp\/v2\/comments?post=10"}],"version-history":[{"count":30,"href":"https:\/\/www.jidelnaustrejcu.cz\/index.php\/wp-json\/wp\/v2\/pages\/10\/revisions"}],"predecessor-version":[{"id":3280,"href":"https:\/\/www.jidelnaustrejcu.cz\/index.php\/wp-json\/wp\/v2\/pages\/10\/revisions\/3280"}],"wp:attachment":[{"href":"https:\/\/www.jidelnaustrejcu.cz\/index.php\/wp-json\/wp\/v2\/media?parent=10"}],"curies":[{"name":"wp","href":"https:\/\/api.w.org\/{rel}","templated":true}]}}